{"id":5,"date":"2023-02-01T15:00:25","date_gmt":"2023-02-01T14:00:25","guid":{"rendered":"http:\/\/localhost\/wptestpage\/?page_id=5"},"modified":"2023-02-09T14:31:25","modified_gmt":"2023-02-09T13:31:25","slug":"unternehmen","status":"publish","type":"page","link":"https:\/\/steger-gmbh.com\/en\/","title":{"rendered":"Company"},"content":{"rendered":"<div class=\"slideshow-container\" animate=\"5000\" animationspeedms=\"500\" width=\"100%\">\n<img decoding=\"async\" src=\"\/wp-content\/uploads\/2023\/02\/TeamBeschnitten-scaled.webp\" alt=\"Die Firma\" class=\"wp-block-image size-large\">\n<img decoding=\"async\" src=\"\/wp-content\/uploads\/2023\/02\/gesamtaufnahme.webp\" alt=\"Beispielteile\" style=\"opacity:0; display:none\" class=\"wp-block-image size-large\">\n<\/div>\n\n\n\n<div class=\"wp-block-group has-small-font-size has-global-padding is-layout-constrained wp-container-core-group-is-layout-adb65269 wp-block-group-is-layout-constrained\" style=\"padding-right:var(--wp--preset--spacing--30);padding-left:var(--wp--preset--spacing--30)\">\n<h1 class=\"has-large-font-size wp-block-heading\">Welcome - we have the knack ...<\/h1>\n\n\n\n<p class=\"has-small-font-size\">... when it comes to top quality for individual turned and milled parts. For more than 30 years, well-known companies from the measuring, automotive, pharmaceutical, chemical and packaging industries to machine and special machine construction have placed their trust in us. From Waiblingen, we act as a reliable partner with a diverse range of services - for us, the focus is not on our own size, but on the solution to your task: well-founded, fair and flexible.<\/p>\n<\/div>","protected":false},"excerpt":{"rendered":"<p>Herzlich Willkommen \u2013 wir haben den Dreh raus \u2026 \u2026 wenn es um Spitzenqualit\u00e4t bei individuellen Dreh- und Fr\u00e4steilen geht. Seit \u00fcber 30 Jahren vertrauen uns deshalb namhafte Unternehmen von der Me\u00df-, \u00fcber die Automobil-, Pharma-, Chemie- und Verpackungsindustrie bis zum Maschinen- und Sondermaschinenbau. Von Waiblingen aus agieren wir als zuverl\u00e4ssiger Partner mit einem vielf\u00e4ltigen [&hellip;]<\/p>\n","protected":false},"author":2,"featured_media":0,"parent":0,"menu_order":0,"comment_status":"closed","ping_status":"closed","template":"wp-custom-template-seite-ohne-content-padding","meta":{"footnotes":""},"class_list":["post-5","page","type-page","status-publish","hentry"],"_links":{"self":[{"href":"https:\/\/steger-gmbh.com\/en\/wp-json\/wp\/v2\/pages\/5","targetHints":{"allow":["GET"]}}],"collection":[{"href":"https:\/\/steger-gmbh.com\/en\/wp-json\/wp\/v2\/pages"}],"about":[{"href":"https:\/\/steger-gmbh.com\/en\/wp-json\/wp\/v2\/types\/page"}],"author":[{"embeddable":true,"href":"https:\/\/steger-gmbh.com\/en\/wp-json\/wp\/v2\/users\/2"}],"replies":[{"embeddable":true,"href":"https:\/\/steger-gmbh.com\/en\/wp-json\/wp\/v2\/comments?post=5"}],"version-history":[{"count":59,"href":"https:\/\/steger-gmbh.com\/en\/wp-json\/wp\/v2\/pages\/5\/revisions"}],"predecessor-version":[{"id":380,"href":"https:\/\/steger-gmbh.com\/en\/wp-json\/wp\/v2\/pages\/5\/revisions\/380"}],"wp:attachment":[{"href":"https:\/\/steger-gmbh.com\/en\/wp-json\/wp\/v2\/media?parent=5"}],"curies":[{"name":"wp","href":"https:\/\/api.w.org\/{rel}","templated":true}]}}