{"id":81,"date":"2023-02-01T18:20:34","date_gmt":"2023-02-01T17:20:34","guid":{"rendered":"http:\/\/localhost\/wptestpage\/?page_id=81"},"modified":"2024-03-28T09:21:29","modified_gmt":"2024-03-28T08:21:29","slug":"muendungsfeuerdaempfer","status":"publish","type":"page","link":"https:\/\/steger-gmbh.com\/en\/muendungsfeuerdaempfer\/","title":{"rendered":"Flash suppressor"},"content":{"rendered":"<div class=\"slideshow-container\" animate=\"5000\" animationspeedms=\"500\">\n<img decoding=\"async\" src=\"\/wp-content\/uploads\/2023\/02\/1100-a.jpg\" alt=\"M\u00fcndungsfeuerd\u00e4mpfer\" class=\"wp-block-image size-large\">\n<img decoding=\"async\" src=\"\/wp-content\/uploads\/2023\/02\/1100-b.jpg\" alt=\"M\u00fcndungsfeuerd\u00e4mpfer\" style=\"opacity:0; display:none\" class=\"wp-block-image size-large\">\n<\/div>\n\n\n\n<div class=\"wp-block-group has-global-padding is-layout-constrained wp-container-core-group-is-layout-55f8637f wp-block-group-is-layout-constrained\" style=\"padding-right:var(--wp--preset--spacing--30);padding-left:var(--wp--preset--spacing--30)\">\n<h1 class=\"wp-block-heading has-large-font-size\">Our \"turning\" book is also called quality in milling ...<\/h1>\n\n\n\n<p>... because good material and best workmanship ensure you excellent results for example with our flash suppressors:<\/p>\n\n\n\n<p>Those for various sporting rifles such as HK SL 8, SIG 550, Remington Police 700, Sako TRG 21. Other models and designs are possible. The suppressor is radially fixed without additional attachment of a barrel thread (no gunsmith necessary) by two clamping screws (Torque: 1.28 Nm) without damaging the barrel. It is made of high quality material, CNC machined and burnished. The suppressor has no influence on the shooting pattern and is designed exclusively for a specific weapon and may not be mounted on other weapons.<\/p>\n\n\n\n<p><\/p>\n<\/div>\n\n\n\n<div class=\"wp-block-file aligncenter\"><a id=\"wp-block-file--media-a33de96c-20a3-4de0-b19b-9eb115551ae9\" href=\"https:\/\/steger-gmbh.com\/wp-content\/uploads\/2024\/03\/Instruction-German-and-English.pdf\">Instruction-German-and-English<\/a><a href=\"https:\/\/steger-gmbh.com\/wp-content\/uploads\/2024\/03\/Instruction-German-and-English.pdf\" class=\"wp-block-file__button wp-element-button\" download aria-describedby=\"wp-block-file--media-a33de96c-20a3-4de0-b19b-9eb115551ae9\">Download<\/a><\/div>\n\n\n\n<p><\/p>\n\n\n\n<p><\/p>\n\n\n\n<p><\/p>","protected":false},"excerpt":{"rendered":"<p>Unser &#8222;Dreh&#8220;buch hei\u00dft auch beim Fr\u00e4sen Qualit\u00e4t &#8230; &#8230; denn gutes Material und beste Verarbeitung sichern Ihnen ausgezeichnete Ergebnisse zum Beispiel bei unseren M\u00fcndungsfeuerd\u00e4mpfern: Die f\u00fcr verschiedene Sportwaffen wie z.B. HK SL 8, SIG 550, Remington Police 700, Sako TRG 21. Weitere Modelle und Ausf\u00fchrungen sind m\u00f6glich. Der D\u00e4mpfer wird ohne zus\u00e4tzliche Anbringung eines Laufgewindes [&hellip;]<\/p>\n","protected":false},"author":2,"featured_media":0,"parent":0,"menu_order":0,"comment_status":"closed","ping_status":"closed","template":"wp-custom-template-seite-ohne-content-padding","meta":{"footnotes":""},"class_list":["post-81","page","type-page","status-publish","hentry"],"_links":{"self":[{"href":"https:\/\/steger-gmbh.com\/en\/wp-json\/wp\/v2\/pages\/81","targetHints":{"allow":["GET"]}}],"collection":[{"href":"https:\/\/steger-gmbh.com\/en\/wp-json\/wp\/v2\/pages"}],"about":[{"href":"https:\/\/steger-gmbh.com\/en\/wp-json\/wp\/v2\/types\/page"}],"author":[{"embeddable":true,"href":"https:\/\/steger-gmbh.com\/en\/wp-json\/wp\/v2\/users\/2"}],"replies":[{"embeddable":true,"href":"https:\/\/steger-gmbh.com\/en\/wp-json\/wp\/v2\/comments?post=81"}],"version-history":[{"count":16,"href":"https:\/\/steger-gmbh.com\/en\/wp-json\/wp\/v2\/pages\/81\/revisions"}],"predecessor-version":[{"id":397,"href":"https:\/\/steger-gmbh.com\/en\/wp-json\/wp\/v2\/pages\/81\/revisions\/397"}],"wp:attachment":[{"href":"https:\/\/steger-gmbh.com\/en\/wp-json\/wp\/v2\/media?parent=81"}],"curies":[{"name":"wp","href":"https:\/\/api.w.org\/{rel}","templated":true}]}}