{"id":83,"date":"2023-02-01T18:21:15","date_gmt":"2023-02-01T17:21:15","guid":{"rendered":"http:\/\/localhost\/wptestpage\/?page_id=83"},"modified":"2023-02-05T21:09:10","modified_gmt":"2023-02-05T20:09:10","slug":"slotking","status":"publish","type":"page","link":"https:\/\/steger-gmbh.com\/en\/slotking\/","title":{"rendered":"Slotking"},"content":{"rendered":"<div class=\"slideshow-container\" animate=\"5000\" animationspeedms=\"500\">\n<img decoding=\"async\" src=\"\/wp-content\/uploads\/2023\/02\/300.jpg\" alt=\"Slotking\" class=\"wp-block-image size-large\">\n<\/div>\n\n\n\n<div class=\"wp-block-group has-global-padding is-layout-constrained wp-container-core-group-is-layout-55f8637f wp-block-group-is-layout-constrained\" style=\"padding-right:var(--wp--preset--spacing--30);padding-left:var(--wp--preset--spacing--30)\">\n<h1 class=\"has-large-font-size wp-block-heading\">Our \"turning\" book is also called quality in milling ...<\/h1>\n\n\n\n<p class=\"has-small-font-size\">... because good material and best workmanship ensure you excellent results for example with our Slotking ,,Made in Germany,,:<\/p>\n\n\n\n<p class=\"has-small-font-size\">The Slotking is a chassis in 1:24 scale, which is drivable on almost all 2 ladder racetracks (eg Ninco and Carrera, depends on the track spacing). The chassis consists of the following parts:<\/p>\n\n\n\n<ul class=\"has-small-font-size wp-block-list\">\n<li>CNC machined aluminum motor mount, black anodized incl. 2 pcs. Bearing (rear)<\/li>\n\n\n\n<li>CNC machined aluminum front part, black anodized<\/li>\n\n\n\n<li>Roadway keel incl. pantograph<\/li>\n\n\n\n<li>Wishbone incl. 2 pcs. Bearing (front)<\/li>\n\n\n\n<li>Height adjustable dome with magnets for body fixing<\/li>\n\n\n\n<li>Rear axle<\/li>\n\n\n\n<li>B\u00fchler motor<\/li>\n\n\n\n<li>Bridge made of aluminum, black anodized<\/li>\n\n\n\n<li>Rims rear and front, black or gold anodized<\/li>\n\n\n\n<li>Gear set (pinion and sprocket)<\/li>\n\n\n\n<li>1 set of tires<\/li>\n<\/ul>\n\n\n\n<p class=\"has-small-font-size\">It is completely mounted on ball bearings, has a steerable front axle and is equipped with a high-quality B\u00fchler motor as standard. The chassis is suitable for almost all GT cars from Tamiya, Revell and White Point, because it is individually adjustable from the wheelbase. The body is placed on the chassis by two glued-in magnets (height is adjustable). During the production and the selection of the material components attention was paid to the highest quality ,so that a long driving fun remains guaranteed.<\/p>\n<\/div>","protected":false},"excerpt":{"rendered":"<p>Unser &#8222;Dreh&#8220;buch hei\u00dft auch beim Fr\u00e4sen Qualit\u00e4t &#8230; &#8230; denn gutes Material und beste Verarbeitung sichern Ihnen ausgezeichnete Ergebnisse zum Beispiel bei unseren Slotking ,,Made in Germany,,: Bei dem Slotking handelt es sich um ein Chassis im Ma\u00dfstab 1:24, welches auf fast allen 2-Leiter-Rennbahnen fahrbar ist (z.B. Ninco und Carrera, h\u00e4ngt vom Spurabstand ab). Das [&hellip;]<\/p>\n","protected":false},"author":2,"featured_media":0,"parent":0,"menu_order":0,"comment_status":"closed","ping_status":"closed","template":"wp-custom-template-seite-ohne-content-padding","meta":{"footnotes":""},"class_list":["post-83","page","type-page","status-publish","hentry"],"_links":{"self":[{"href":"https:\/\/steger-gmbh.com\/en\/wp-json\/wp\/v2\/pages\/83","targetHints":{"allow":["GET"]}}],"collection":[{"href":"https:\/\/steger-gmbh.com\/en\/wp-json\/wp\/v2\/pages"}],"about":[{"href":"https:\/\/steger-gmbh.com\/en\/wp-json\/wp\/v2\/types\/page"}],"author":[{"embeddable":true,"href":"https:\/\/steger-gmbh.com\/en\/wp-json\/wp\/v2\/users\/2"}],"replies":[{"embeddable":true,"href":"https:\/\/steger-gmbh.com\/en\/wp-json\/wp\/v2\/comments?post=83"}],"version-history":[{"count":6,"href":"https:\/\/steger-gmbh.com\/en\/wp-json\/wp\/v2\/pages\/83\/revisions"}],"predecessor-version":[{"id":331,"href":"https:\/\/steger-gmbh.com\/en\/wp-json\/wp\/v2\/pages\/83\/revisions\/331"}],"wp:attachment":[{"href":"https:\/\/steger-gmbh.com\/en\/wp-json\/wp\/v2\/media?parent=83"}],"curies":[{"name":"wp","href":"https:\/\/api.w.org\/{rel}","templated":true}]}}